{"id":15,"date":"2025-03-14T01:20:15","date_gmt":"2025-03-14T00:20:15","guid":{"rendered":"http:\/\/apostroff.fr\/?page_id=15"},"modified":"2025-03-14T01:47:01","modified_gmt":"2025-03-14T00:47:01","slug":"agence-de-marketing-digital","status":"publish","type":"page","link":"https:\/\/apostroff.fr\/","title":{"rendered":""},"content":{"rendered":"\t\t<div data-elementor-type=\"wp-page\" data-elementor-id=\"15\" class=\"elementor elementor-15\">\n\t\t\t\t<div class=\"elementor-element elementor-element-da88fc0 e-flex e-con-boxed e-con e-parent\" data-id=\"da88fc0\" data-element_type=\"container\">\n\t\t\t\t\t<div class=\"e-con-inner\">\n\t\t\t\t<div class=\"elementor-element elementor-element-9b851cb elementor-widget elementor-widget-image\" data-id=\"9b851cb\" data-element_type=\"widget\" data-widget_type=\"image.default\">\n\t\t\t\t<div class=\"elementor-widget-container\">\n\t\t\t\t\t\t\t\t\t\t\t\t\t\t\t<img fetchpriority=\"high\" decoding=\"async\" width=\"800\" height=\"320\" src=\"https:\/\/apostroff.fr\/wp-content\/uploads\/2025\/03\/banner-apostroff-1-min-1024x410.jpg\" class=\"attachment-large size-large wp-image-17\" alt=\"\" srcset=\"https:\/\/apostroff.fr\/wp-content\/uploads\/2025\/03\/banner-apostroff-1-min-1024x410.jpg 1024w, https:\/\/apostroff.fr\/wp-content\/uploads\/2025\/03\/banner-apostroff-1-min-300x120.jpg 300w, https:\/\/apostroff.fr\/wp-content\/uploads\/2025\/03\/banner-apostroff-1-min-768x307.jpg 768w, https:\/\/apostroff.fr\/wp-content\/uploads\/2025\/03\/banner-apostroff-1-min-1536x614.jpg 1536w, https:\/\/apostroff.fr\/wp-content\/uploads\/2025\/03\/banner-apostroff-1-min.jpg 2000w\" sizes=\"(max-width: 800px) 100vw, 800px\" \/>\t\t\t\t\t\t\t\t\t\t\t\t\t\t\t<\/div>\n\t\t\t\t<\/div>\n\t\t<div class=\"elementor-element elementor-element-b95bade e-con-full e-flex e-con e-child\" data-id=\"b95bade\" data-element_type=\"container\">\n\t\t\t\t<div class=\"elementor-element elementor-element-e1aa045 elementor-widget elementor-widget-text-editor\" data-id=\"e1aa045\" data-element_type=\"widget\" data-widget_type=\"text-editor.default\">\n\t\t\t\t<div class=\"elementor-widget-container\">\n\t\t\t\t\t\t\t\t\t<p data-start=\"32\" data-end=\"389\">Votre partenaire strat\u00e9gique en marketing digital, Apostroff est d\u00e9di\u00e9 \u00e0 propulser votre marque vers de nouveaux sommets gr\u00e2ce \u00e0 une cr\u00e9ation de contenu innovante et percutante. Sp\u00e9cialistes de la communication digitale, nous vous offrons des solutions sur-mesure qui captent l&#8217;essence de votre marque et la transforment en messages puissants et m\u00e9morables.<\/p>\t\t\t\t\t\t\t\t<\/div>\n\t\t\t\t<\/div>\n\t\t\t\t<\/div>\n\t\t\t\t\t<\/div>\n\t\t\t\t<\/div>\n\t\t<div class=\"elementor-element elementor-element-909378c e-grid elementor-hidden-mobile e-con-boxed e-con e-parent\" data-id=\"909378c\" data-element_type=\"container\" data-settings=\"{&quot;background_background&quot;:&quot;classic&quot;}\">\n\t\t\t\t\t<div class=\"e-con-inner\">\n\t\t\t\t<div class=\"elementor-element elementor-element-5effb05 elementor-widget-mobile__width-auto elementor-widget elementor-widget-heading\" data-id=\"5effb05\" data-element_type=\"widget\" data-widget_type=\"heading.default\">\n\t\t\t\t<div class=\"elementor-widget-container\">\n\t\t\t\t\t<h2 class=\"elementor-heading-title elementor-size-default\">Expertise Sectorielle Approfondie<\/h2>\t\t\t\t<\/div>\n\t\t\t\t<\/div>\n\t\t\t\t<div class=\"elementor-element elementor-element-e94048c elementor-widget elementor-widget-heading\" data-id=\"e94048c\" data-element_type=\"widget\" data-widget_type=\"heading.default\">\n\t\t\t\t<div class=\"elementor-widget-container\">\n\t\t\t\t\t<h2 class=\"elementor-heading-title elementor-size-default\">Contenu Cr\u00e9atif et Engageant<\/h2>\t\t\t\t<\/div>\n\t\t\t\t<\/div>\n\t\t\t\t<div class=\"elementor-element elementor-element-4977394 elementor-widget elementor-widget-heading\" data-id=\"4977394\" data-element_type=\"widget\" data-widget_type=\"heading.default\">\n\t\t\t\t<div class=\"elementor-widget-container\">\n\t\t\t\t\t<h2 class=\"elementor-heading-title elementor-size-default\">R\u00e9sultats Mesurables<\/h2>\t\t\t\t<\/div>\n\t\t\t\t<\/div>\n\t\t\t\t<div class=\"elementor-element elementor-element-e45460f elementor-widget-mobile__width-inherit elementor-widget elementor-widget-text-editor\" data-id=\"e45460f\" data-element_type=\"widget\" data-widget_type=\"text-editor.default\">\n\t\t\t\t<div class=\"elementor-widget-container\">\n\t\t\t\t\t\t\t\t\t<p data-start=\"425\" data-end=\"588\">Notre \u00e9quipe d&#8217;experts comprend les nuances de divers secteurs, vous assurant une strat\u00e9gie de contenu adapt\u00e9e et efficace.<\/p>\t\t\t\t\t\t\t\t<\/div>\n\t\t\t\t<\/div>\n\t\t\t\t<div class=\"elementor-element elementor-element-4e32cda elementor-widget elementor-widget-text-editor\" data-id=\"4e32cda\" data-element_type=\"widget\" data-widget_type=\"text-editor.default\">\n\t\t\t\t<div class=\"elementor-widget-container\">\n\t\t\t\t\t\t\t\t\t<p>Nous cr\u00e9ons des contenus qui r\u00e9sonnent avec votre public, renforcent votre pr\u00e9sence en ligne et encouragent l&#8217;interaction.<\/p>\t\t\t\t\t\t\t\t<\/div>\n\t\t\t\t<\/div>\n\t\t\t\t<div class=\"elementor-element elementor-element-55d42f9 elementor-widget elementor-widget-text-editor\" data-id=\"55d42f9\" data-element_type=\"widget\" data-widget_type=\"text-editor.default\">\n\t\t\t\t<div class=\"elementor-widget-container\">\n\t\t\t\t\t\t\t\t\t<p>Avec Apostroff, chaque strat\u00e9gie est con\u00e7ue pour g\u00e9n\u00e9rer des r\u00e9sultats tangibles, mesurables par des indicateurs cl\u00e9s de performance ajust\u00e9s \u00e0 vos objectifs commerciaux<\/p>\t\t\t\t\t\t\t\t<\/div>\n\t\t\t\t<\/div>\n\t\t\t\t\t<\/div>\n\t\t\t\t<\/div>\n\t\t<div class=\"elementor-element elementor-element-3688b14 e-flex e-con-boxed e-con e-parent\" data-id=\"3688b14\" data-element_type=\"container\">\n\t\t\t\t\t<div class=\"e-con-inner\">\n\t\t\t\t<div class=\"elementor-element elementor-element-fa9f37c elementor-widget elementor-widget-heading\" data-id=\"fa9f37c\" data-element_type=\"widget\" data-widget_type=\"heading.default\">\n\t\t\t\t<div class=\"elementor-widget-container\">\n\t\t\t\t\t<h2 class=\"elementor-heading-title elementor-size-default\">SERVICES SUR-MESURE<\/h2>\t\t\t\t<\/div>\n\t\t\t\t<\/div>\n\t\t\t\t\t<\/div>\n\t\t\t\t<\/div>\n\t\t<div class=\"elementor-element elementor-element-a831afe e-flex e-con-boxed e-con e-parent\" data-id=\"a831afe\" data-element_type=\"container\" data-settings=\"{&quot;background_background&quot;:&quot;classic&quot;}\">\n\t\t\t\t\t<div class=\"e-con-inner\">\n\t\t\t\t<div class=\"elementor-element elementor-element-49b9518 elementor-drop-cap-yes elementor-drop-cap-view-default elementor-widget elementor-widget-text-editor\" data-id=\"49b9518\" data-element_type=\"widget\" data-settings=\"{&quot;drop_cap&quot;:&quot;yes&quot;}\" data-widget_type=\"text-editor.default\">\n\t\t\t\t<div class=\"elementor-widget-container\">\n\t\t\t\t\t\t\t\t\t<p><strong data-start=\"975\" data-end=\"1001\">Strat\u00e9gie de contenu <\/strong><\/p>\n<p>D\u00e9veloppement de strat\u00e9gies de contenu personnalis\u00e9es qui parlent directement \u00e0 vos clients potentiels.<\/p>\t\t\t\t\t\t\t\t<\/div>\n\t\t\t\t<\/div>\n\t\t\t\t<div class=\"elementor-element elementor-element-88f13eb elementor-widget elementor-widget-text-editor\" data-id=\"88f13eb\" data-element_type=\"widget\" data-widget_type=\"text-editor.default\">\n\t\t\t\t<div class=\"elementor-widget-container\">\n\t\t\t\t\t\t\t\t\t<p><strong data-start=\"1108\" data-end=\"1135\">Production multim\u00e9dia <\/strong><\/p>\n<p>Des visuels \u00e9poustouflants aux vid\u00e9os captivantes, nous produisons des \u00e9l\u00e9ments qui captent l&#8217;attention.<\/p>\t\t\t\t\t\t\t\t<\/div>\n\t\t\t\t<\/div>\n\t\t\t\t<div class=\"elementor-element elementor-element-81aca35 elementor-widget elementor-widget-text-editor\" data-id=\"81aca35\" data-element_type=\"widget\" data-widget_type=\"text-editor.default\">\n\t\t\t\t<div class=\"elementor-widget-container\">\n\t\t\t\t\t\t\t\t\t<p><strong data-start=\"1243\" data-end=\"1265\">Optimisation SEO <\/strong><\/p>\n<p>Am\u00e9liorez votre visibilit\u00e9 en ligne avec des contenus optimis\u00e9s pour les moteurs de recherche, con\u00e7us pour vous placer en t\u00eate des r\u00e9sultats de recherche.<\/p>\t\t\t\t\t\t\t\t<\/div>\n\t\t\t\t<\/div>\n\t\t\t\t<div class=\"elementor-element elementor-element-7f70073 elementor-widget elementor-widget-text-editor\" data-id=\"7f70073\" data-element_type=\"widget\" data-widget_type=\"text-editor.default\">\n\t\t\t\t<div class=\"elementor-widget-container\">\n\t\t\t\t\t\t\t\t\t<p><strong data-start=\"1423\" data-end=\"1456\">Gestion des r\u00e9seaux sociaux <\/strong><\/p>\n<p>Engagez votre communaut\u00e9 et construisez votre marque sur les plateformes sociales avec du contenu qui fait \u00e9cho.<\/p>\t\t\t\t\t\t\t\t<\/div>\n\t\t\t\t<\/div>\n\t\t\t\t\t<\/div>\n\t\t\t\t<\/div>\n\t\t<div class=\"elementor-element elementor-element-8a8cf26 e-flex e-con-boxed e-con e-parent\" data-id=\"8a8cf26\" data-element_type=\"container\">\n\t\t\t\t\t<div class=\"e-con-inner\">\n\t\t\t\t<div class=\"elementor-element elementor-element-260c639 elementor-widget__width-inherit elementor-view-default elementor-position-top elementor-mobile-position-top elementor-widget elementor-widget-icon-box\" data-id=\"260c639\" data-element_type=\"widget\" data-widget_type=\"icon-box.default\">\n\t\t\t\t<div class=\"elementor-widget-container\">\n\t\t\t\t\t\t\t<div class=\"elementor-icon-box-wrapper\">\n\n\t\t\t\t\t\t<div class=\"elementor-icon-box-icon\">\n\t\t\t\t<span  class=\"elementor-icon\">\n\t\t\t\t<svg aria-hidden=\"true\" class=\"e-font-icon-svg e-fas-star\" viewBox=\"0 0 576 512\" xmlns=\"http:\/\/www.w3.org\/2000\/svg\"><path d=\"M259.3 17.8L194 150.2 47.9 171.5c-26.2 3.8-36.7 36.1-17.7 54.6l105.7 103-25 145.5c-4.5 26.3 23.2 46 46.4 33.7L288 439.6l130.7 68.7c23.2 12.2 50.9-7.4 46.4-33.7l-25-145.5 105.7-103c19-18.5 8.5-50.8-17.7-54.6L382 150.2 316.7 17.8c-11.7-23.6-45.6-23.9-57.4 0z\"><\/path><\/svg>\t\t\t\t<\/span>\n\t\t\t<\/div>\n\t\t\t\n\t\t\t\t\t\t<div class=\"elementor-icon-box-content\">\n\n\t\t\t\t\t\t\t\t\t<h3 class=\"elementor-icon-box-title\">\n\t\t\t\t\t\t<span  >\n\t\t\t\t\t\t\tEngagez-vous vers le succ\u00e8s\t\t\t\t\t\t<\/span>\n\t\t\t\t\t<\/h3>\n\t\t\t\t\n\t\t\t\t\t\t\t\t\t<p class=\"elementor-icon-box-description\">\n\t\t\t\t\t\tFaites le premier pas vers une pr\u00e9sence en ligne transform\u00e9e. Contactez-nous aujourd'hui pour d\u00e9couvrir comment Apostroff peut enrichir votre strat\u00e9gie de marketing digital.\n\nNous sommes impatients de collaborer avec vous pour \u00e9crire le prochain chapitre de votre histoire en ligne. Transformons ensemble votre pr\u00e9sence digitale.\t\t\t\t\t<\/p>\n\t\t\t\t\n\t\t\t<\/div>\n\t\t\t\n\t\t<\/div>\n\t\t\t\t\t\t<\/div>\n\t\t\t\t<\/div>\n\t\t\t\t\t<\/div>\n\t\t\t\t<\/div>\n\t\t\t\t<\/div>\n\t\t","protected":false},"excerpt":{"rendered":"<p>Votre partenaire strat\u00e9gique en marketing digital, Apostroff est d\u00e9di\u00e9 \u00e0 propulser votre marque vers de nouveaux sommets gr\u00e2ce \u00e0 une cr\u00e9ation de contenu innovante et percutante. Sp\u00e9cialistes de la communication digitale, nous vous offrons des solutions sur-mesure qui captent l&#8217;essence de votre marque et la transforment en messages puissants et m\u00e9morables. Expertise Sectorielle Approfondie Contenu [&hellip;]<\/p>\n","protected":false},"author":1,"featured_media":17,"parent":0,"menu_order":0,"comment_status":"closed","ping_status":"closed","template":"","meta":{"footnotes":""},"class_list":["post-15","page","type-page","status-publish","has-post-thumbnail","hentry"],"_links":{"self":[{"href":"https:\/\/apostroff.fr\/index.php\/wp-json\/wp\/v2\/pages\/15","targetHints":{"allow":["GET"]}}],"collection":[{"href":"https:\/\/apostroff.fr\/index.php\/wp-json\/wp\/v2\/pages"}],"about":[{"href":"https:\/\/apostroff.fr\/index.php\/wp-json\/wp\/v2\/types\/page"}],"author":[{"embeddable":true,"href":"https:\/\/apostroff.fr\/index.php\/wp-json\/wp\/v2\/users\/1"}],"replies":[{"embeddable":true,"href":"https:\/\/apostroff.fr\/index.php\/wp-json\/wp\/v2\/comments?post=15"}],"version-history":[{"count":44,"href":"https:\/\/apostroff.fr\/index.php\/wp-json\/wp\/v2\/pages\/15\/revisions"}],"predecessor-version":[{"id":73,"href":"https:\/\/apostroff.fr\/index.php\/wp-json\/wp\/v2\/pages\/15\/revisions\/73"}],"wp:featuredmedia":[{"embeddable":true,"href":"https:\/\/apostroff.fr\/index.php\/wp-json\/wp\/v2\/media\/17"}],"wp:attachment":[{"href":"https:\/\/apostroff.fr\/index.php\/wp-json\/wp\/v2\/media?parent=15"}],"curies":[{"name":"wp","href":"https:\/\/api.w.org\/{rel}","templated":true}]}}